{"id":4782,"date":"2019-03-10T16:34:22","date_gmt":"2019-03-10T16:34:22","guid":{"rendered":"http:\/\/jellywp.com\/theme\/disto\/demo\/?page_id=4782"},"modified":"2019-03-10T16:34:22","modified_gmt":"2019-03-10T16:34:22","slug":"grid-post","status":"publish","type":"page","link":"https:\/\/dijitalronesans.com\/?page_id=4782","title":{"rendered":"Grid Post"},"content":{"rendered":"<div id=\"pl-4782\"  class=\"panel-layout\" ><div id=\"pg-4782-0\"  class=\"panel-grid panel-no-style\" ><div id=\"pgc-4782-0-0\"  class=\"panel-grid-cell\" ><div class=\"page_builder_slider page_builder_slider_single_wrapper jelly_homepage_builder\">\r\n        <div class=\"header-main-slider-large builder_main_single_home_slider\">\r\n        <div class=\"full_width_slider_builder\">\r\n            <div class=\"full-slider-main-home-wrapper  appear_animation  \">\r\n                <div class=\"full-slider-main-home single-item-slider jelly_loading_pro\">\r\n                                        <div class=\"item\">\r\n                        <div class=\"banner-carousel-item\">\r\n                                                        <span class=\"image_grid_header_absolute\" style=\"background-image: url('https:\/\/dijitalronesans.com\/wp-content\/uploads\/2018\/11\/custom-47.png')\"><\/span>\r\n                                                        <a href=\"https:\/\/dijitalronesans.com\/?p=2800\" class=\"link_grid_header_absolute\" title=\"Start a new day with this awesome breakfast set\"><\/a>\r\n\r\n                            <div class=\"banner-container\">\r\n                                <span class=\"meta-category-small\"><a class=\"post-category-color-text\" style=\"background:\" href=\"https:\/\/dijitalronesans.com\/?cat=18\">Crazy<\/a><\/span>                                <h5><a href=\"https:\/\/dijitalronesans.com\/?p=2800\">\r\n                                        Start a new day with this awesome breakfast set<\/a><\/h5>\r\n\r\n                                <span class=\"jl_post_meta\" itemscope=\"\" itemprop=\"author\" itemtype=\"http:\/\/schema.org\/Person\"><span class=\"jl_author_img_w\" itemprop=\"name\"><img alt='' src='https:\/\/secure.gravatar.com\/avatar\/a3c03eb3a94ee9e014a7f7ed7b52f0725b845f16b9f1dea7b9d349985333a586?s=30&#038;d=mm&#038;r=g' srcset='https:\/\/secure.gravatar.com\/avatar\/a3c03eb3a94ee9e014a7f7ed7b52f0725b845f16b9f1dea7b9d349985333a586?s=60&#038;d=mm&#038;r=g 2x' class='avatar avatar-30 photo' height='30' width='30' \/><a href=\"https:\/\/dijitalronesans.com\/?author=1\" title=\"inspira_admin taraf\u0131ndan yaz\u0131lan yaz\u0131lar\" rel=\"author\">inspira_admin<\/a><\/span><span class=\"post-date\"><i class=\"fa fa-clock-o\"><\/i>23 Aral\u0131k 2016<\/span><\/span><\/span>                            <\/div>\r\n                        <\/div>\r\n                    <\/div>\r\n                                        <div class=\"item\">\r\n                        <div class=\"banner-carousel-item\">\r\n                                                        <span class=\"image_grid_header_absolute\" style=\"background-image: url('https:\/\/dijitalronesans.com\/wp-content\/uploads\/2016\/12\/custom-4.png')\"><\/span>\r\n                                                        <a href=\"https:\/\/dijitalronesans.com\/?p=2797\" class=\"link_grid_header_absolute\" title=\"The best inspiration painting and fast in the world\"><\/a>\r\n\r\n                            <div class=\"banner-container\">\r\n                                <span class=\"meta-category-small\"><a class=\"post-category-color-text\" style=\"background:\" href=\"https:\/\/dijitalronesans.com\/?cat=23\">Techno<\/a><\/span>                                <h5><a href=\"https:\/\/dijitalronesans.com\/?p=2797\">\r\n                                        The best inspiration painting and fast in the world<\/a><\/h5>\r\n\r\n                                <span class=\"jl_post_meta\" itemscope=\"\" itemprop=\"author\" itemtype=\"http:\/\/schema.org\/Person\"><span class=\"jl_author_img_w\" itemprop=\"name\"><img alt='' src='https:\/\/secure.gravatar.com\/avatar\/a3c03eb3a94ee9e014a7f7ed7b52f0725b845f16b9f1dea7b9d349985333a586?s=30&#038;d=mm&#038;r=g' srcset='https:\/\/secure.gravatar.com\/avatar\/a3c03eb3a94ee9e014a7f7ed7b52f0725b845f16b9f1dea7b9d349985333a586?s=60&#038;d=mm&#038;r=g 2x' class='avatar avatar-30 photo' height='30' width='30' \/><a href=\"https:\/\/dijitalronesans.com\/?author=1\" title=\"inspira_admin taraf\u0131ndan yaz\u0131lan yaz\u0131lar\" rel=\"author\">inspira_admin<\/a><\/span><span class=\"post-date\"><i class=\"fa fa-clock-o\"><\/i>23 Aral\u0131k 2016<\/span><\/span><\/span>                            <\/div>\r\n                        <\/div>\r\n                    <\/div>\r\n                                        <div class=\"item\">\r\n                        <div class=\"banner-carousel-item\">\r\n                                                        <span class=\"image_grid_header_absolute\" style=\"background-image: url('https:\/\/dijitalronesans.com\/wp-content\/uploads\/2016\/12\/custom-10.png')\"><\/span>\r\n                                                        <a href=\"https:\/\/dijitalronesans.com\/?p=2782\" class=\"link_grid_header_absolute\" title=\"It been every where and long time with this\"><\/a>\r\n\r\n                            <div class=\"banner-container\">\r\n                                <span class=\"meta-category-small\"><a class=\"post-category-color-text\" style=\"background:\" href=\"https:\/\/dijitalronesans.com\/?cat=16\">Active<\/a><\/span>                                <h5><a href=\"https:\/\/dijitalronesans.com\/?p=2782\">\r\n                                        It been every where and long time with this<\/a><\/h5>\r\n\r\n                                <span class=\"jl_post_meta\" itemscope=\"\" itemprop=\"author\" itemtype=\"http:\/\/schema.org\/Person\"><span class=\"jl_author_img_w\" itemprop=\"name\"><img alt='' src='https:\/\/secure.gravatar.com\/avatar\/a3c03eb3a94ee9e014a7f7ed7b52f0725b845f16b9f1dea7b9d349985333a586?s=30&#038;d=mm&#038;r=g' srcset='https:\/\/secure.gravatar.com\/avatar\/a3c03eb3a94ee9e014a7f7ed7b52f0725b845f16b9f1dea7b9d349985333a586?s=60&#038;d=mm&#038;r=g 2x' class='avatar avatar-30 photo' height='30' width='30' \/><a href=\"https:\/\/dijitalronesans.com\/?author=1\" title=\"inspira_admin taraf\u0131ndan yaz\u0131lan yaz\u0131lar\" rel=\"author\">inspira_admin<\/a><\/span><span class=\"post-date\"><i class=\"fa fa-clock-o\"><\/i>23 Aral\u0131k 2016<\/span><\/span><\/span>                            <\/div>\r\n                        <\/div>\r\n                    <\/div>\r\n                                    <\/div>\r\n            <\/div>\r\n        <\/div>\r\n    <\/div>\r\n<\/div>\r\n\r\n<\/div><\/div><div id=\"pg-4782-1\"  class=\"panel-grid panel-has-style\" ><div class=\"jl_sidebar panel-row-style panel-row-style-for-4782-1\" ><div id=\"pgc-4782-1-0\"  class=\"panel-grid-cell\" ><div class=\"jelly_homepage_builder jl_nonav_margin homepage_builder_3grid_post jl_fontsize22  jl_cus_grid2   colstyle1    \">\r\n    <div class=\"jl_wrapper_row jl-post-block-641526\"><div class=\"row\"><div class=\"jl-loadmore-btn-w\"><a href=\"#\" class=\"jl_btn_load\">Load more<\/a><\/div>        <\/div>\r\n    <\/div>\r\n<\/div>\r\n<\/div><div id=\"pgc-4782-1-1\"  class=\"panel-grid-cell\" ><div id=\"panel-4782-1-1-0\" class=\"so-panel widget panel-first-child\" data-index=\"2\" ><\/div><span class=\"jl_none_space\"><\/span><div id=\"panel-4782-1-1-1\" class=\"so-panel widget widget_disto_category_image_widget_register jellywp_cat_image\" data-index=\"3\" >\r\n<div class=\"wrapper_category_image\">\r\n    <div class=\"category_image_wrapper_main\"><div class=\"category_image_bg_image\"><a class=\"category_image_link\" id=\"category_color_16\" href=\"https:\/\/dijitalronesans.com\/?cat=16\"><span class=\"jl_cm_overlay\"><span class=\"jl_cm_name\">Active<\/span><span class=\"jl_cm_count\">5<\/span><\/span><\/a><div class=\"category_image_bg_overlay\" style=\"background: ;\"><\/div><\/div><div class=\"category_image_bg_image\"><a class=\"category_image_link\" id=\"category_color_147\" href=\"https:\/\/dijitalronesans.com\/?cat=147\"><span class=\"jl_cm_overlay\"><span class=\"jl_cm_name\">Ara\u015ft\u0131rmalar<\/span><span class=\"jl_cm_count\">0<\/span><\/span><\/a><div class=\"category_image_bg_overlay\" style=\"background: ;\"><\/div><\/div><div class=\"category_image_bg_image\"><a class=\"category_image_link\" id=\"category_color_132\" href=\"https:\/\/dijitalronesans.com\/?cat=132\"><span class=\"jl_cm_overlay\"><span class=\"jl_cm_name\">Art\u0131r\u0131lm\u0131\u015f Ger\u00e7eklik<\/span><span class=\"jl_cm_count\">1<\/span><\/span><\/a><div class=\"category_image_bg_overlay\" style=\"background: ;\"><\/div><\/div><\/div>\r\n    <span class=\"jl_none_space\"><\/span><\/div><\/div><span class=\"jl_none_space\"><\/span><div id=\"panel-4782-1-1-2\" class=\"so-panel widget widget_disto_recent_post_widget post_list_widget panel-last-child\" data-index=\"4\" ><div class=\"widget_jl_wrapper\"><span class=\"jl_none_space\"><\/span><h3 class=\"widget-title\">Recent Posts<\/h3><div><ul class=\"feature-post-list recent-post-widget\">\r\n<li>\r\n    <a href=\"https:\/\/dijitalronesans.com\/?p=2955\" class=\"jl_small_format feature-image-link image_post featured-thumbnail\" title=\"KKTC Influencer&#8217;lar\u0131 ve KKTC Pazar\u0131na Yeni Bir Soluk: Hypefluencer\">\r\n        <span class=\"jl_small_list_num\">1<\/span>        <img loading=\"lazy\" decoding=\"async\" width=\"120\" height=\"120\" src=\"https:\/\/dijitalronesans.com\/wp-content\/uploads\/2016\/12\/13-120x120.jpg\" class=\"attachment-disto_small_feature size-disto_small_feature wp-post-image\" alt=\"\" srcset=\"https:\/\/dijitalronesans.com\/wp-content\/uploads\/2016\/12\/13-120x120.jpg 120w, https:\/\/dijitalronesans.com\/wp-content\/uploads\/2016\/12\/13-300x300.jpg 300w, https:\/\/dijitalronesans.com\/wp-content\/uploads\/2016\/12\/13-100x100.jpg 100w, https:\/\/dijitalronesans.com\/wp-content\/uploads\/2016\/12\/13-150x150.jpg 150w\" sizes=\"auto, (max-width: 120px) 100vw, 120px\" \/>        <div class=\"background_over_image\"><\/div>\r\n    <\/a>\r\n    <div class=\"item-details\">\r\n<span class=\"meta-category-small\"><a class=\"post-category-color-text\" style=\"background:\" href=\"https:\/\/dijitalronesans.com\/?cat=94\">\u0130\u015f D\u00fcnyas\u0131<\/a><\/span>        <h3 class=\"feature-post-title\"><a href=\"https:\/\/dijitalronesans.com\/?p=2955\">\r\n                KKTC Influencer&#8217;lar\u0131 ve KKTC Pazar\u0131na Yeni Bir Soluk: Hypefluencer<\/a><\/h3>\r\n        <span class=\"post-meta meta-main-img auto_image_with_date\">                             <span class=\"post-date\"><i class=\"fa fa-clock-o\"><\/i>20 Temmuz 2024<\/span><\/span>    <\/div>\r\n<\/li>\r\n\r\n\r\n\r\n<li>\r\n    <a href=\"https:\/\/dijitalronesans.com\/?p=2965\" class=\"jl_small_format feature-image-link image_post featured-thumbnail\" title=\"Girne&#8217;de Dijital Pazarlama ve E-Ticaret Uzmanl\u0131\u011f\u0131 E\u011fitimi\">\r\n        <span class=\"jl_small_list_num\">2<\/span>        <img loading=\"lazy\" decoding=\"async\" width=\"120\" height=\"120\" src=\"https:\/\/dijitalronesans.com\/wp-content\/uploads\/2016\/12\/36-120x120.jpg\" class=\"attachment-disto_small_feature size-disto_small_feature wp-post-image\" alt=\"\" srcset=\"https:\/\/dijitalronesans.com\/wp-content\/uploads\/2016\/12\/36-120x120.jpg 120w, https:\/\/dijitalronesans.com\/wp-content\/uploads\/2016\/12\/36-300x300.jpg 300w, https:\/\/dijitalronesans.com\/wp-content\/uploads\/2016\/12\/36-100x100.jpg 100w, https:\/\/dijitalronesans.com\/wp-content\/uploads\/2016\/12\/36-150x150.jpg 150w\" sizes=\"auto, (max-width: 120px) 100vw, 120px\" \/>        <div class=\"background_over_image\"><\/div>\r\n    <\/a>\r\n    <div class=\"item-details\">\r\n<span class=\"meta-category-small\"><a class=\"post-category-color-text\" style=\"background:\" href=\"https:\/\/dijitalronesans.com\/?cat=106\">E-Ticaret<\/a><\/span>        <h3 class=\"feature-post-title\"><a href=\"https:\/\/dijitalronesans.com\/?p=2965\">\r\n                Girne&#8217;de Dijital Pazarlama ve E-Ticaret Uzmanl\u0131\u011f\u0131 E\u011fitimi<\/a><\/h3>\r\n        <span class=\"post-meta meta-main-img auto_image_with_date\">                             <span class=\"post-date\"><i class=\"fa fa-clock-o\"><\/i>18 Temmuz 2024<\/span><\/span>    <\/div>\r\n<\/li>\r\n\r\n\r\n\r\n<li>\r\n    <a href=\"https:\/\/dijitalronesans.com\/?p=2822\" class=\"jl_small_format feature-image-link image_post featured-thumbnail\" title=\"Estonya&#8217;n\u0131n Ba\u015far\u0131 Hikayesi &#8211; Startup Ekosisteminin Y\u00fckseli\u015fi\">\r\n        <span class=\"jl_small_list_num\">3<\/span>        <img loading=\"lazy\" decoding=\"async\" width=\"120\" height=\"120\" src=\"https:\/\/dijitalronesans.com\/wp-content\/uploads\/2016\/12\/56433-120x120.jpg\" class=\"attachment-disto_small_feature size-disto_small_feature wp-post-image\" alt=\"\" srcset=\"https:\/\/dijitalronesans.com\/wp-content\/uploads\/2016\/12\/56433-120x120.jpg 120w, https:\/\/dijitalronesans.com\/wp-content\/uploads\/2016\/12\/56433-300x300.jpg 300w, https:\/\/dijitalronesans.com\/wp-content\/uploads\/2016\/12\/56433-100x100.jpg 100w, https:\/\/dijitalronesans.com\/wp-content\/uploads\/2016\/12\/56433-150x150.jpg 150w\" sizes=\"auto, (max-width: 120px) 100vw, 120px\" \/>        <div class=\"background_over_image\"><\/div>\r\n    <\/a>\r\n    <div class=\"item-details\">\r\n<span class=\"meta-category-small\"><a class=\"post-category-color-text\" style=\"background:\" href=\"https:\/\/dijitalronesans.com\/?cat=94\">\u0130\u015f D\u00fcnyas\u0131<\/a><\/span>        <h3 class=\"feature-post-title\"><a href=\"https:\/\/dijitalronesans.com\/?p=2822\">\r\n                Estonya&#8217;n\u0131n Ba\u015far\u0131 Hikayesi &#8211; Startup Ekosisteminin Y\u00fckseli\u015fi<\/a><\/h3>\r\n        <span class=\"post-meta meta-main-img auto_image_with_date\">                             <span class=\"post-date\"><i class=\"fa fa-clock-o\"><\/i>16 Temmuz 2024<\/span><\/span>    <\/div>\r\n<\/li>\r\n\r\n\r\n<\/ul>\n<\/div>\n<span class=\"jl_none_space\"><\/span><\/div><\/div><\/div><\/div><\/div><\/div>","protected":false},"excerpt":{"rendered":"","protected":false},"author":1,"featured_media":0,"parent":0,"menu_order":0,"comment_status":"closed","ping_status":"closed","template":"home-page-builder.php","meta":{"footnotes":""},"class_list":["post-4782","page","type-page","status-publish","hentry"],"_links":{"self":[{"href":"https:\/\/dijitalronesans.com\/index.php?rest_route=\/wp\/v2\/pages\/4782","targetHints":{"allow":["GET"]}}],"collection":[{"href":"https:\/\/dijitalronesans.com\/index.php?rest_route=\/wp\/v2\/pages"}],"about":[{"href":"https:\/\/dijitalronesans.com\/index.php?rest_route=\/wp\/v2\/types\/page"}],"author":[{"embeddable":true,"href":"https:\/\/dijitalronesans.com\/index.php?rest_route=\/wp\/v2\/users\/1"}],"replies":[{"embeddable":true,"href":"https:\/\/dijitalronesans.com\/index.php?rest_route=%2Fwp%2Fv2%2Fcomments&post=4782"}],"version-history":[{"count":0,"href":"https:\/\/dijitalronesans.com\/index.php?rest_route=\/wp\/v2\/pages\/4782\/revisions"}],"wp:attachment":[{"href":"https:\/\/dijitalronesans.com\/index.php?rest_route=%2Fwp%2Fv2%2Fmedia&parent=4782"}],"curies":[{"name":"wp","href":"https:\/\/api.w.org\/{rel}","templated":true}]}}